{"id":2750,"date":"2021-10-30T19:40:45","date_gmt":"2021-10-30T17:40:45","guid":{"rendered":"https:\/\/museuantonioferri.org\/?page_id=2750"},"modified":"2021-11-01T13:12:39","modified_gmt":"2021-11-01T12:12:39","slug":"privacidad","status":"publish","type":"page","link":"https:\/\/museuantonioferri.org\/es\/privacidad","title":{"rendered":"Privacidad"},"content":{"rendered":"<p>A trav\u00e9s de este sitio web no se recaban datos de car\u00e1cter personal sin su conocimiento, ni se ceden a terceros.<\/p>\n<p>Con la finalidad de ofrecerle el mejor servicio y con el objeto de facilitar el uso, se analizan el n\u00famero de p\u00e1ginas visitadas, el n\u00famero de visitas, as\u00ed como la actividad de los visitantes y su frecuencia de utilizaci\u00f3n. A estos efectos, el Museu Antonio Ferri utiliza la informaci\u00f3n estad\u00edstica elaborada por Google Analytics.<\/p>\n<p>La web www.museuantonioferri.org, no utiliza cookies para recoger informaci\u00f3n de los usuarios, ni registra las direcciones IP de acceso. \u00danicamente se utilizan cookies propias, de sesi\u00f3n, con finalidad t\u00e9cnica (aquellas que permiten al usuario la navegaci\u00f3n a trav\u00e9s del sitio web y la utilizaci\u00f3n de las diferentes opciones y servicios que en ella existen).<\/p>\n<p>La web www.museuantonioferri.org, de la que es titular el Ajuntament de Bocairent, contiene enlaces a sitios web de terceros, cuyas pol\u00edticas de privacidad son ajenas a la del Ajuntament de Bocairent. Al acceder a tales sitios web, usted puede decidir si acepta sus pol\u00edticas de privacidad y de cookies. Con car\u00e1cter general, si navega por internet usted puede aceptar o rechazar las cookies de terceros desde las opciones de configuraci\u00f3n de su navegador.<\/p>\n<h2>Informaci\u00f3n b\u00e1sica sobre protecci\u00f3n de datos<\/h2>\n<p>A continuaci\u00f3n, le informamos sobre la pol\u00edtica de protecci\u00f3n de datos del Ajuntament de Bocairent.<\/p>\n<h3>Responsable del tratamiento<\/h3>\n<p>Los datos de car\u00e1cter personal que se pudieran recabar directamente del interesado ser\u00e1n tratados de forma confidencial y quedar\u00e1n incorporados a la correspondiente actividad de tratamiento titularidad del Ajuntament de Bocairent.<\/p>\n<p>La relaci\u00f3n actualizada de las actividades de tratamiento que lleva a cabo se encuentra disponible en el siguiente enlace al registro de actividades del Ajuntament de Bocairent.<\/p>\n<h3>Finalidad<\/h3>\n<p>La finalidad del tratamiento de los datos corresponde a cada una de las actividades de tratamiento que realiza el Ajuntament de Bocairent y que est\u00e1n accesibles en el registro de actividades de tratamiento.<\/p>\n<h3>Legitimaci\u00f3n<\/h3>\n<p>El tratamiento de sus datos se realiza para el cumplimiento de obligaciones legales por parte del Ajuntament de Bocairent, para el cumplimiento de misiones realizadas en inter\u00e9s p\u00fablico o en el ejercicio de poderes p\u00fablicos conferidos al Ajuntament de Bocairent, as\u00ed como cuando la finalidad del tratamiento requiera su consentimiento, que habr\u00e1 de ser prestado mediante una clara acci\u00f3n afirmativa.<\/p>\n<p>Puede consultar la base legal para cada una de las actividades de tratamiento que lleva a cabo el Ajuntament de Bocairent en el siguiente enlace al registro de actividades del Ajuntament de Bocairent.<\/p>\n<h3>Conservaci\u00f3n de datos<\/h3>\n<p>Los datos personales proporcionados se conservar\u00e1n durante el tiempo necesario para cumplir con la finalidad para la que se recaban y para determinar las posibles responsabilidades que se pudieran derivar de la finalidad, adem\u00e1s de los per\u00edodos establecidos en la normativa de archivos y documentaci\u00f3n.<\/p>\n<h3>Comunicaci\u00f3n de datos<\/h3>\n<p>Con car\u00e1cter general no se comunicar\u00e1n los datos personales a terceros, salvo obligaci\u00f3n legal, entre las que pueden estar las comunicaciones al Instituto Nacional de Estad\u00edstica.<\/p>\n<p>Bancos, Organismos de la Seguridad Social, Hacienda p\u00fablica y Administraci\u00f3n tributaria, \u00d3rganos Judiciales, Tribunal de cuentas o equivalente auton\u00f3mico, Bancos, Cajas de Ahorros y Cajas Rurales, Entidades Aseguradoras, Entidades Sanitarias, Fuerzas y Cuerpos de Seguridad. \u00d3rganos del Estado y Comunidades Aut\u00f3nomas cuando se pueda realizar la comunicaci\u00f3n de datos conforme al art\u00edculo 6 del RGPD relativo a la legitimaci\u00f3n del tratamiento, interesados en los procedimientos relacionados con las reclamaciones presentadas y tr\u00e1mites administrativos propios del Ajuntament de Bocairent.<\/p>\n<p>Puede consultar los destinatarios para cada una de las actividades de tratamiento que lleva a cabo el Ajuntament de Bocairent en el siguiente enlace al registro de actividades del Ajuntament de Bocairent.<\/p>\n<h3>Derechos de los interesados<\/h3>\n<p>Cualquier persona tiene derecho a obtener confirmaci\u00f3n sobre los tratamientos que de sus datos se llevan a cabo por el Ajuntament de Bocairent.<\/p>\n<p>Puede ejercer sus derechos de acceso, rectificaci\u00f3n, supresi\u00f3n y portabilidad de sus datos, de limitaci\u00f3n y oposici\u00f3n a su tratamiento, as\u00ed como a no ser objeto de decisiones basadas \u00fanicamente en el tratamiento automatizado de sus datos, cuando procedan, ante el Ajuntament de Bocairent, Pl. D\u2019Ajuntament n\u00ba 20 &#8211; 46880 Bocairent. o en la direcci\u00f3n de correo electr\u00f3nico info@bocairent.es.<\/p>\n<h2>Redes Sociales<\/h2>\n<p>Redes sociales normas de funcionamiento Ajuntament de Bocairent<\/p>\n<h3>Objeto<\/h3>\n<p>Dar visibilidad y difusi\u00f3n de las actividades municipales que desarrollan en Ajuntament<br \/>\nde Bocairent.<\/p>\n<p>Tratamiento de datos de car\u00e1cter personal: En los servicios que se den mediante herramientas como Facebook, Tuenti, Myspace, Twitter., Instagram, etc., Ajuntament de Bocairent no recoger\u00e1 ni har\u00e1 ning\u00fan tratamiento de los datos de car\u00e1cter personal. Estos datos quedar\u00e1n almacenados en los servidores de los respectivos servicios y se regir\u00e1n por su propia pol\u00edtica de privacidad.<\/p>\n<h3>Condiciones de uso<\/h3>\n<p>Nodo lo establecido en el punto 2 de las Condiciones generales de uso de las redes sociales del Ajuntament de Bocairent: https:\/\/www.facebook.com\/Ajuntament.Bocairent<br \/>\nNo publicar informaciones que no respondan a los requisitos de veracidad, inter\u00e9s p\u00fablico y respeto a la dignidad de las personas.<br \/>\nNo grabar ni publicar im\u00e1genes, v\u00eddeos o cualquier otro tipo de registro sin el consentimiento de las personas afectadas. Tener en cuenta que si podemos publicar siempre que: los hechos as\u00ed publicados podr\u00edan tener la consideraci\u00f3n de hechos noticiables en los que se manifieste la existencia de un inter\u00e9s p\u00fablico con el fin de que se d\u00e9 a conocer los mismos a la colectividad.<br \/>\nEl Ajuntament de Bocairent no se identifica con las opiniones expresadas por otros ni con la ideolog\u00eda de los perfiles con los que tenga amistad en ninguna red social.<br \/>\nEl Ajuntament de Bocairent se reserva el derecho de eliminar de sus redes sociales cualquier informaci\u00f3n publicada por otros que vulnere la legalidad, incite a hacerlo, o contenga mensajes que atenten contra la dignidad de personas o instituciones. As\u00ed como de bloquear o denunciar el perfil autor de estos mensajes.<\/p>\n<p>Recomendaciones a los usuarios\/las usuarias<br \/>\nRevise y lea las condiciones generales de uso y la pol\u00edtica de privacidad de la red social en el momento de registrarse.<br \/>\nAprenda las posibilidades de configuraci\u00f3n y uso que la red ofrezca.<br \/>\nConfigure adecuadamente el grado de privacidad del perfil de usuario\/de usuaria la red social.<br \/>\nNo publique informaci\u00f3n excesiva sobre su vida personal y familiar.<br \/>\nTenga cuidado con la publicaci\u00f3n de contenidos audiovisuales y gr\u00e1ficos en su perfil, especialmente si se alojar\u00e1n im\u00e1genes relativas a terceras personas.<br \/>\nNo ofrezca datos de terceros en su espacio sin el previo consentimiento de \u00e9stos.<\/p>\n","protected":false},"excerpt":{"rendered":"<p>A trav\u00e9s de este sitio web no se recaban datos de car\u00e1cter personal sin su conocimiento, ni se ceden a terceros. Con la finalidad de ofrecerle el mejor servicio y con el objeto de facilitar el uso, se analizan el n\u00famero de p\u00e1ginas visitadas, el n\u00famero de visitas, as\u00ed como la actividad de los visitantes [&hellip;]<\/p>\n","protected":false},"author":1,"featured_media":0,"parent":0,"menu_order":0,"comment_status":"closed","ping_status":"closed","template":"","meta":{"_acf_changed":false,"footnotes":""},"class_list":["post-2750","page","type-page","status-publish","hentry"],"acf":[],"yoast_head":"<!-- This site is optimized with the Yoast SEO plugin v27.4 - https:\/\/yoast.com\/product\/yoast-seo-wordpress\/ -->\n<title>Privacidad - Museo Antonio Ferri<\/title>\n<meta name=\"robots\" content=\"index, follow, max-snippet:-1, max-image-preview:large, max-video-preview:-1\" \/>\n<link rel=\"canonical\" href=\"https:\/\/museuantonioferri.org\/es\/privacidad\" \/>\n<meta property=\"og:locale\" content=\"es_ES\" \/>\n<meta property=\"og:type\" content=\"article\" \/>\n<meta property=\"og:title\" content=\"Privacidad - Museo Antonio Ferri\" \/>\n<meta property=\"og:description\" content=\"A trav\u00e9s de este sitio web no se recaban datos de car\u00e1cter personal sin su conocimiento, ni se ceden a terceros. Con la finalidad de ofrecerle el mejor servicio y con el objeto de facilitar el uso, se analizan el n\u00famero de p\u00e1ginas visitadas, el n\u00famero de visitas, as\u00ed como la actividad de los visitantes [&hellip;]\" \/>\n<meta property=\"og:url\" content=\"https:\/\/museuantonioferri.org\/es\/privacidad\" \/>\n<meta property=\"og:site_name\" content=\"Museo Antonio Ferri\" \/>\n<meta property=\"article:publisher\" content=\"https:\/\/www.facebook.com\/lasombradelfotografo\/\" \/>\n<meta property=\"article:modified_time\" content=\"2021-11-01T12:12:39+00:00\" \/>\n<meta name=\"twitter:card\" content=\"summary_large_image\" \/>\n<script type=\"application\/ld+json\" class=\"yoast-schema-graph\">{\"@context\":\"https:\\\/\\\/schema.org\",\"@graph\":[{\"@type\":\"WebPage\",\"@id\":\"https:\\\/\\\/museuantonioferri.org\\\/es\\\/privacidad\",\"url\":\"https:\\\/\\\/museuantonioferri.org\\\/es\\\/privacidad\",\"name\":\"Privacidad - Museo Antonio Ferri\",\"isPartOf\":{\"@id\":\"https:\\\/\\\/museuantonioferri.org\\\/es#website\"},\"datePublished\":\"2021-10-30T17:40:45+00:00\",\"dateModified\":\"2021-11-01T12:12:39+00:00\",\"breadcrumb\":{\"@id\":\"https:\\\/\\\/museuantonioferri.org\\\/es\\\/privacidad#breadcrumb\"},\"inLanguage\":\"es\",\"potentialAction\":[{\"@type\":\"ReadAction\",\"target\":[\"https:\\\/\\\/museuantonioferri.org\\\/es\\\/privacidad\"]}]},{\"@type\":\"BreadcrumbList\",\"@id\":\"https:\\\/\\\/museuantonioferri.org\\\/es\\\/privacidad#breadcrumb\",\"itemListElement\":[{\"@type\":\"ListItem\",\"position\":1,\"name\":\"Inicio\",\"item\":\"https:\\\/\\\/museuantonioferri.org\\\/es\"},{\"@type\":\"ListItem\",\"position\":2,\"name\":\"Privacidad\"}]},{\"@type\":\"WebSite\",\"@id\":\"https:\\\/\\\/museuantonioferri.org\\\/es#website\",\"url\":\"https:\\\/\\\/museuantonioferri.org\\\/es\",\"name\":\"Museo Antonio Ferri\",\"description\":\"Una vida de pintura\",\"publisher\":{\"@id\":\"https:\\\/\\\/museuantonioferri.org\\\/es#organization\"},\"potentialAction\":[{\"@type\":\"SearchAction\",\"target\":{\"@type\":\"EntryPoint\",\"urlTemplate\":\"https:\\\/\\\/museuantonioferri.org\\\/es?s={search_term_string}\"},\"query-input\":{\"@type\":\"PropertyValueSpecification\",\"valueRequired\":true,\"valueName\":\"search_term_string\"}}],\"inLanguage\":\"es\"},{\"@type\":\"Organization\",\"@id\":\"https:\\\/\\\/museuantonioferri.org\\\/es#organization\",\"name\":\"Museo Antonio Ferri\",\"url\":\"https:\\\/\\\/museuantonioferri.org\\\/es\",\"logo\":{\"@type\":\"ImageObject\",\"inLanguage\":\"es\",\"@id\":\"https:\\\/\\\/museuantonioferri.org\\\/es#\\\/schema\\\/logo\\\/image\\\/\",\"url\":\"https:\\\/\\\/museuantonioferri.org\\\/wp-content\\\/uploads\\\/2021\\\/10\\\/pngegg-1.png\",\"contentUrl\":\"https:\\\/\\\/museuantonioferri.org\\\/wp-content\\\/uploads\\\/2021\\\/10\\\/pngegg-1.png\",\"width\":500,\"height\":500,\"caption\":\"Museo Antonio Ferri\"},\"image\":{\"@id\":\"https:\\\/\\\/museuantonioferri.org\\\/es#\\\/schema\\\/logo\\\/image\\\/\"},\"sameAs\":[\"https:\\\/\\\/www.facebook.com\\\/lasombradelfotografo\\\/\",\"https:\\\/\\\/www.instagram.com\\\/lasombradelfotografo\\\/\"]}]}<\/script>\n<!-- \/ Yoast SEO plugin. -->","yoast_head_json":{"title":"Privacidad - Museo Antonio Ferri","robots":{"index":"index","follow":"follow","max-snippet":"max-snippet:-1","max-image-preview":"max-image-preview:large","max-video-preview":"max-video-preview:-1"},"canonical":"https:\/\/museuantonioferri.org\/es\/privacidad","og_locale":"es_ES","og_type":"article","og_title":"Privacidad - Museo Antonio Ferri","og_description":"A trav\u00e9s de este sitio web no se recaban datos de car\u00e1cter personal sin su conocimiento, ni se ceden a terceros. Con la finalidad de ofrecerle el mejor servicio y con el objeto de facilitar el uso, se analizan el n\u00famero de p\u00e1ginas visitadas, el n\u00famero de visitas, as\u00ed como la actividad de los visitantes [&hellip;]","og_url":"https:\/\/museuantonioferri.org\/es\/privacidad","og_site_name":"Museo Antonio Ferri","article_publisher":"https:\/\/www.facebook.com\/lasombradelfotografo\/","article_modified_time":"2021-11-01T12:12:39+00:00","twitter_card":"summary_large_image","schema":{"@context":"https:\/\/schema.org","@graph":[{"@type":"WebPage","@id":"https:\/\/museuantonioferri.org\/es\/privacidad","url":"https:\/\/museuantonioferri.org\/es\/privacidad","name":"Privacidad - Museo Antonio Ferri","isPartOf":{"@id":"https:\/\/museuantonioferri.org\/es#website"},"datePublished":"2021-10-30T17:40:45+00:00","dateModified":"2021-11-01T12:12:39+00:00","breadcrumb":{"@id":"https:\/\/museuantonioferri.org\/es\/privacidad#breadcrumb"},"inLanguage":"es","potentialAction":[{"@type":"ReadAction","target":["https:\/\/museuantonioferri.org\/es\/privacidad"]}]},{"@type":"BreadcrumbList","@id":"https:\/\/museuantonioferri.org\/es\/privacidad#breadcrumb","itemListElement":[{"@type":"ListItem","position":1,"name":"Inicio","item":"https:\/\/museuantonioferri.org\/es"},{"@type":"ListItem","position":2,"name":"Privacidad"}]},{"@type":"WebSite","@id":"https:\/\/museuantonioferri.org\/es#website","url":"https:\/\/museuantonioferri.org\/es","name":"Museo Antonio Ferri","description":"Una vida de pintura","publisher":{"@id":"https:\/\/museuantonioferri.org\/es#organization"},"potentialAction":[{"@type":"SearchAction","target":{"@type":"EntryPoint","urlTemplate":"https:\/\/museuantonioferri.org\/es?s={search_term_string}"},"query-input":{"@type":"PropertyValueSpecification","valueRequired":true,"valueName":"search_term_string"}}],"inLanguage":"es"},{"@type":"Organization","@id":"https:\/\/museuantonioferri.org\/es#organization","name":"Museo Antonio Ferri","url":"https:\/\/museuantonioferri.org\/es","logo":{"@type":"ImageObject","inLanguage":"es","@id":"https:\/\/museuantonioferri.org\/es#\/schema\/logo\/image\/","url":"https:\/\/museuantonioferri.org\/wp-content\/uploads\/2021\/10\/pngegg-1.png","contentUrl":"https:\/\/museuantonioferri.org\/wp-content\/uploads\/2021\/10\/pngegg-1.png","width":500,"height":500,"caption":"Museo Antonio Ferri"},"image":{"@id":"https:\/\/museuantonioferri.org\/es#\/schema\/logo\/image\/"},"sameAs":["https:\/\/www.facebook.com\/lasombradelfotografo\/","https:\/\/www.instagram.com\/lasombradelfotografo\/"]}]}},"jetpack_sharing_enabled":true,"_links":{"self":[{"href":"https:\/\/museuantonioferri.org\/es\/wp-json\/wp\/v2\/pages\/2750","targetHints":{"allow":["GET"]}}],"collection":[{"href":"https:\/\/museuantonioferri.org\/es\/wp-json\/wp\/v2\/pages"}],"about":[{"href":"https:\/\/museuantonioferri.org\/es\/wp-json\/wp\/v2\/types\/page"}],"author":[{"embeddable":true,"href":"https:\/\/museuantonioferri.org\/es\/wp-json\/wp\/v2\/users\/1"}],"replies":[{"embeddable":true,"href":"https:\/\/museuantonioferri.org\/es\/wp-json\/wp\/v2\/comments?post=2750"}],"version-history":[{"count":4,"href":"https:\/\/museuantonioferri.org\/es\/wp-json\/wp\/v2\/pages\/2750\/revisions"}],"predecessor-version":[{"id":3086,"href":"https:\/\/museuantonioferri.org\/es\/wp-json\/wp\/v2\/pages\/2750\/revisions\/3086"}],"wp:attachment":[{"href":"https:\/\/museuantonioferri.org\/es\/wp-json\/wp\/v2\/media?parent=2750"}],"curies":[{"name":"wp","href":"https:\/\/api.w.org\/{rel}","templated":true}]}}